{"id":1494,"date":"2015-07-20T15:29:00","date_gmt":"2015-07-20T13:29:00","guid":{"rendered":"http:\/\/interplastik.pl\/ru\/%d1%82%d0%b5%d1%85%d0%bd%d0%be%d0%bb%d0%be%d0%b3%d0%b8%d1%8f-%d0%b8-%d1%80%d0%b0%d0%b7%d1%80%d0%b0%d0%b1%d0%be%d1%82%d0%ba%d0%b8\/projekty-unijne\/"},"modified":"2016-03-13T07:22:56","modified_gmt":"2016-03-13T06:22:56","slug":"%d0%bf%d1%80%d0%be%d0%b5%d0%ba%d1%82%d1%8b-%d0%b5%d1%81","status":"publish","type":"page","link":"http:\/\/interplastik.pl\/ru\/%d1%82%d0%b5%d1%85%d0%bd%d0%be%d0%bb%d0%be%d0%b3%d0%b8%d1%8f-%d0%b8-%d1%80%d0%b0%d0%b7%d1%80%d0%b0%d0%b1%d0%be%d1%82%d0%ba%d0%b8\/%d0%bf%d1%80%d0%be%d0%b5%d0%ba%d1%82%d1%8b-%d0%b5%d1%81\/","title":{"rendered":"\u041f\u0440\u043e\u0435\u043a\u0442\u044b \u0415\u0421"},"content":{"rendered":"<p><strong><span style=\"font-size: 20pt; line-height: 115%; color: black; font-weight: 800;\">POIG 8.2<\/span><\/strong><\/p>\n<p>&nbsp;<\/p>\n<p><a href=\"http:\/\/interplastik.pl\/wp-content\/uploads\/2015\/07\/logotyp-2.bmp\"><img loading=\"lazy\" decoding=\"async\" class=\"aligncenter size-full wp-image-1077\" src=\"http:\/\/interplastik.pl\/wp-content\/uploads\/2015\/07\/logotyp-2.bmp\" alt=\"logotyp 2\" width=\"888\" height=\"102\" \/><\/a><\/p>\n<p class=\"MsoNormal\" style=\"text-align: center;\"><b><span style=\"font-size: 18pt; line-height: 115%; font-family: 'Arial','sans-serif';\">DOTACJE NA INNOWACJE<\/span><\/b><\/p>\n<p class=\"MsoNormal\"><b><span style=\"font-size: 18pt; line-height: 115%; font-family: 'Arial','sans-serif';\">\u00a0<\/span><\/b><\/p>\n<p style=\"text-align: justify;\"><span style=\"font-size: 14pt;\"><b><span style=\"line-height: 115%; font-family: 'Arial','sans-serif';\">Interplastik Sp. z o.o. <\/span><\/b><span style=\"line-height: 115%; font-family: 'Arial','sans-serif';\">realizuje projekt pn. <b><i>\u201eWdro\u017cenie systemu B2B\u00a0 integruj\u0105cego platform\u0119 logistyczna w Interplastik Sp. z o. o.\u201d <\/i><\/b>w ramach Programu Operacyjnego Innowacyjna Gospodarka, Dzia\u0142anie 8.2.<\/span><\/span><\/p>\n<p style=\"text-align: justify;\"><span style=\"font-size: 14pt; line-height: 115%; font-family: 'Arial','sans-serif';\">Projekt zostanie zrealizowany w okresie 07\/2017 \u2013 12\/2014<b>. <\/b><\/span><\/p>\n<p style=\"text-align: justify;\"><span style=\"font-size: 14pt; line-height: 115%; font-family: 'Arial','sans-serif';\"><b>\u00a0<\/b><\/span><\/p>\n<p style=\"margin-bottom: 0.0001pt; text-align: center; line-height: normal;\" align=\"center\"><span style=\"font-size: 14pt;\"><b><span style=\"font-family: 'Arial','sans-serif';\">PROJEKT WSP\u00d3\u0141FINANSOWANY PRZEZ UNI\u0118 EUROPEJSK\u0104 <\/span><\/b><\/span><\/p>\n<p style=\"margin-bottom: 0.0001pt; text-align: center; line-height: normal;\" align=\"center\"><span style=\"font-size: 14pt;\"><b><span style=\"font-family: 'Arial','sans-serif';\">Z EUROPEJSKIEGO FUNDUSZU ROZWOJU REGIONALNEGO<\/span><\/b><\/span><\/p>\n<p style=\"margin-bottom: 0.0001pt; text-align: center; line-height: normal;\" align=\"center\"><b><span style=\"font-size: 18pt; font-family: 'Arial','sans-serif';\">\u00a0<\/span><\/b><\/p>\n<p style=\"text-align: justify;\"><span style=\"font-family: 'Arial','sans-serif'; font-size: 10pt;\">Celem projektu jest zapewnienie wsp\u00f3lnej stabilnej platformy informatycznej B2B dla sp\u00f3\u0142ki Interplastik Sp. z o.o. oraz wsp\u00f3\u0142pracuj\u0105cych z ni\u0105 partner\u00f3w w zakresie usprawnienia przep\u0142ywu dokument\u00f3w, automatyzacji wymiany danych, usprawnienia komunikacji pomi\u0119dzy partnerami. Wdro\u017cony w ramach projektu system informatyczny b\u0119dzie integrowa\u0142 systemy poszczeg\u00f3lnych partner\u00f3w biznesowych i wspiera\u0142 g\u0142\u00f3wne procesy biznesowe realizowane z nimi oraz zagwarantuje automatyczn\u0105 wymian\u0119 danych mi\u0119dzy firmami.<\/span><\/p>\n<p style=\"margin-bottom: 0.0001pt; text-align: center; line-height: normal;\" align=\"center\"><b><span style=\"font-size: 18pt; font-family: 'Arial','sans-serif';\">\u00a0<\/span><\/b><\/p>\n<p style=\"margin-bottom: 0.0001pt; line-height: normal;\"><b><span style=\"font-size: 12pt; font-family: 'Arial','sans-serif';\">Aktualno\u015bci:<\/span><\/b><\/p>\n<p class=\"MsoNormal\"><span style=\"text-decoration: underline;\"><span style=\"color: #3366ff;\"><span style=\"color: #3366ff; text-decoration: underline;\"><span style=\"color: #0000ff;\"><a href=\"\/images\/Protokol_wyboru.pdf\"><span style=\"color: #0000ff; text-decoration: underline;\">Zawiadomienie o wyborze najkorzystniejszej oferty<\/span><\/a><\/span><br \/>\n<\/span><\/span><\/span><\/p>\n<p class=\"MsoNormal\"><span style=\"color: #3366ff;\"><span style=\"color: #3366ff;\"><span style=\"color: #000000;\">Zapytanie ofertowe na zakup nowych \u015brodk\u00f3w trwa\u0142ych, warto\u015bci niematerialnych i prawnych, nabycie us\u0142ug informatycznych i technicznych zwi\u0105zanych z instalacj\u0105 infrastruktury technicznej i oprogramowania tworzonego rozwi\u0105zania elektronicznego systemu B2B oraz na szkolenia specjalistyczne &#8212; <strong>zako\u0144czone<\/strong><\/span><\/span><\/span><span style=\"text-decoration: underline;\"><span style=\"color: #3366ff;\"><span style=\"color: #3366ff; text-decoration: underline;\"><br \/>\n<\/span><\/span><\/span><\/p>\n<p>&nbsp;<\/p>\n<p><strong><span style=\"font-size: 20pt; line-height: 115%; color: black; font-weight: 800;\">RPZP 1.1.3<\/span><\/strong><\/p>\n<p>&nbsp;<\/p>\n<p class=\"MsoNormal\"><span style=\"color: black;\">Interplastik sp. z o.o. informuje, \u017ce realizuje projekt w ramach Regionalnego Programu Operacyjnego Wojew\u00f3dztwa Zachodniopomorskiego na lata 2007-2013 w ramach dzia\u0142ania 1.1. \u201eWzrost konkurencyjno\u015bci przedsi\u0119biorstw poprzez innowacyjne inwestycje\u201d, poddzia\u0142anie 1.1.3 \u201dInwestycje MSP w nowe technologie\u201d. <\/span><\/p>\n<p class=\"MsoHeader\" style=\"margin-left: 75.6pt; text-indent: -74.9pt;\"><strong><span lang=\"X-NONE\" style=\"font-size: 11pt; font-family: 'Calibri','sans-serif';\">Beneficjent: \u00a0\u00a0\u00a0\u00a0\u00a0\u00a0 <\/span><\/strong><span lang=\"X-NONE\" style=\"font-size: 11pt; font-family: 'Calibri','sans-serif';\">Interplastik Sp. z o.o. <\/span><\/p>\n<p class=\"MsoHeader\" style=\"margin: 6pt 0cm 6pt 75.4pt; text-indent: -74.85pt;\"><strong><span lang=\"X-NONE\" style=\"font-size: 11pt; font-family: 'Calibri','sans-serif';\">Nr umowy: \u00a0\u00a0\u00a0\u00a0\u00a0\u00a0\u00a0\u00a0\u00a0 <\/span><\/strong><span lang=\"X-NONE\" style=\"font-size: 11pt; font-family: 'Calibri','sans-serif';\">UDA-RPZP.01.01.<\/span><span style=\"font-size: 11pt; font-family: 'Calibri','sans-serif';\">03<\/span><span lang=\"X-NONE\" style=\"font-size: 11pt; font-family: 'Calibri','sans-serif';\">-32-<\/span><span style=\"font-size: 11pt; font-family: 'Calibri','sans-serif';\">048\/12<\/span><span lang=\"X-NONE\" style=\"font-size: 11pt; font-family: 'Calibri','sans-serif';\">-00 <\/span><\/p>\n<p class=\"MsoHeader\" style=\"margin-left: 75.6pt; text-indent: -74.9pt;\"><strong><span lang=\"X-NONE\" style=\"font-size: 11pt; font-family: 'Calibri','sans-serif';\">Tytu\u0142 projektu: <\/span><\/strong><span lang=\"X-NONE\" style=\"font-size: 11pt; font-family: 'Calibri','sans-serif';\">\u201e<\/span><span lang=\"X-NONE\" style=\"font-size: 10pt; font-family: 'Arial','sans-serif';\">Rozw\u00f3j technologii produkcyjnej poprzez innowacyjne inwestycje<\/span><span style=\"font-size: 10pt; font-family: 'Arial','sans-serif';\">\u201d<\/span><\/p>\n<p class=\"MsoNormal\" style=\"text-align: center;\"><span style=\"color: black;\">\u00a0<\/span><a href=\"http:\/\/interplastik.pl\/wp-content\/uploads\/2015\/07\/logotyp-1.bmp\"><img loading=\"lazy\" decoding=\"async\" class=\"aligncenter size-full wp-image-1081\" src=\"http:\/\/interplastik.pl\/wp-content\/uploads\/2015\/07\/logotyp-1.bmp\" alt=\"logotyp 1\" width=\"1075\" height=\"133\" \/><\/a><span lang=\"X-NONE\" style=\"font-size: 9pt; font-family: 'Calibri','sans-serif'; font-weight: normal; font-style: normal;\">Projekt wsp\u00f3\u0142finansowany przez Uni\u0119 Europejsk\u0105 z Europejskiego Funduszu Rozwoju Regionalnego w ramach Regionalnego Programu Operacyjnego Wojew\u00f3dztwa Zachodniopomorskiego na lata 2007-2013<\/span><\/p>\n<p class=\"MsoNormal\"><strong>Aktualno\u015bci:<\/strong><\/p>\n<p class=\"MsoNormal\"><span style=\"color: #000000;\">1. Zapytanie ofertowe na systam ch\u0142odzenia &#8212; <strong>zako\u0144czone<\/strong><\/span><\/p>\n<p class=\"MsoNormal\"><span style=\"color: #000000;\">Za\u0142. nr 1 do zapytania ofertowego<\/span><\/p>\n<p class=\"MsoNormal\"><span style=\"color: #000000;\">2. Zapytanie ofertowe na system dozowania tworzywa &#8212; <strong>zako\u0144czone<\/strong><\/span><\/p>\n<p class=\"MsoNormal\"><span style=\"color: #000000;\">Za\u0142. nr 1 do zapytania ofertowego<\/span><\/p>\n<p class=\"MsoNormal\">Informujemy, i\u017c termin dostarczenia ofert na dostaw\u0119 syatemu dozowania tworzywa zosta\u0142 wyd\u0142u\u017cony. Sp\u00f3\u0142ka b\u0119dzie rozpatrywa\u0142a oferty z\u0142o\u017cone do 02 sierpnia 2013 r. Pozosta\u0142e zapisy uj\u0119te w zapytaniu ofertowym z dnia 09 kwietnia 2013 r. pozostaj\u0105 bez zmian.<\/p>\n<p class=\"MsoNormal\"><span style=\"color: #000000;\">3. Zapytanie ofertowe na dostaw\u0119 3 wtryskarek elektrycznych; 3 robot\u00f3w bocznych (na pojemnik dla rodziny produktu nr 1, na pojemnik dla rodziny produktu nr 2, na pokrywki); formy wtryskowej na pokrywki, 2 form wtryskowych na pojemniki (dla rodziny produktu nr 1 i dla rodziny produktu nr 2) &#8212; <strong>zako\u0144czone<\/strong><\/span><\/p>\n<p class=\"MsoNormal\" style=\"text-align: justify;\">Informujemy, i\u017c termin dostarczenia ofert na dostaw\u0119 3 wtryskarek elektrycznych, 3 robot\u00f3w bocznych (na pojemnik dla rodziny produktu nr 1, na pojemnik dla rodziny produktu nr 2, na pokrywki), formy wtryskowej na pokrywki, 2 form wtryskowych na pojemniki (dla rodziny produktu nr 1 i dla rodziny produktu nr 2) zosta\u0142 wyd\u0142u\u017cony. Sp\u00f3\u0142ka b\u0119dzie rozpatrywa\u0142a oferty z\u0142o\u017cone do 19 kwietnia 2013 r. Pozosta\u0142e zapisy uj\u0119te w zapytaniu ofertowym z dnia 09 kwietnia 2013 r. pozostaj\u0105 bez zmian.<\/p>\n<p>&nbsp;<\/p>\n<p class=\"MsoNormal\">4. Poni\u017cej znajduje si\u0119 zapytanie ofertowe na form\u0119 wtryskow\u0105 w j\u0119zyku polskim i angielskim wraz z za\u0142\u0105cznikiem<strong><br \/>\n<\/strong><\/p>\n<p class=\"MsoNormal\"><span style=\"color: #000000;\">Zapytanie ofertowe na dostaw\u0119 formy wtryskowej na pojemnik 2 krotny &#8212; <strong>zako\u0144czone<\/strong><br \/>\n<\/span><\/p>\n<p><span style=\"color: #000000;\">Request for quotation for delivery of 2-cavity injection mould<\/span><\/p>\n<p><span style=\"color: #000000;\">za\u0142\u0105cznik \/ attachment<\/span><\/p>\n<p style=\"margin: 0cm 0cm 0.0001pt; text-align: center;\" align=\"center\"><span lang=\"X-NONE\" style=\"font-size: 10pt; font-family: Calibri; font-weight: normal; font-style: normal;\">Projekt wsp\u00f3\u0142finansowany przez Uni\u0119 Europejsk\u0105 z Europejskiego Funduszu Rozwoju Regionalnego w ramach Regionalnego Programu Operacyjnego Wojew\u00f3dztwa Zachodniopomorskiego na lata 2007-2013<\/span><\/p>\n<p>&nbsp;<\/p>\n<p style=\"text-align: center;\"><strong><span style=\"line-height: 115%; font-size: 18pt;\">&#8212;&#8212;&#8212;&#8212;&#8212;&#8212;&#8212;&#8212;&#8212;&#8212;&#8212;&#8212;&#8212;&#8212;&#8212;&#8212;&#8212;&#8212;&#8212;&#8212;&#8212;&#8212;&#8212;&#8212;&#8212;&#8212;&#8212;<\/span><\/strong><\/p>\n<p>&nbsp;<br \/>\n<strong><span style=\"font-size: 20pt; line-height: 115%; color: black; font-weight: 800;\">POIG 3.3.2<\/span><\/strong><br \/>\n&nbsp;<\/p>\n<p class=\"MsoNormal\" style=\"text-align: justify;\"><span style=\"font-family: verdana,geneva;\"><span style=\"font-size: 8pt;\"><strong><span style=\"font-weight: normal;\">W ramach<\/span><\/strong><strong> dzia\u0142ania 3.3:<\/strong><strong><span style=\"font-weight: normal;\"> Tworzenie systemu u\u0142atwiaj\u0105cego inwestowanie w MSP, <\/span><\/strong><strong>Poddzia\u0142anie 3.3.2<\/strong><strong><span style=\"font-weight: normal;\"> \u201eWsparcie dla MSP<\/span><\/strong><strong><span style=\"color: black;\">\u201d,<\/span><\/strong><\/span><span style=\"color: black;\"><span style=\"font-size: 8pt;\">\u00a0 firma Interplastik sp. z o.o. ot<\/span>rzyma\u0142a dofinansowanie na realizacj\u0119 projektu, kt\u00f3rego nadrz\u0119dnym celem jest przygotowanie podmiotu do pozyskania, zaabsorbowania i zdyskontowania wsadu inteligentnego kapita\u0142u na potrzeby rozwoju innowacji produktowych i technologicznych, w uj\u0119ciu internacjonalizacji zasi\u0119gu dzia\u0142ania przedsi\u0119biorstwa<\/span><\/span><\/p>\n<p class=\"MsoNormal\"><strong><span style=\"color: black;\">Numer umowy:<\/span><\/strong><span style=\"color: black;\">\u00a0 UDA-POIG.03.03.02-00-157\/11<\/span><\/p>\n<p class=\"MsoNormal\"><span style=\"color: black;\"><span style=\"font-family: verdana,geneva;\"><strong>Tytu\u0142 projektu:<\/strong> <strong><span style=\"font-weight: normal;\">Pozyskanie inteligentnego kapita\u0142u, na potrzeby innowacji produktowych i technologicznych oraz internacjonalizacje, szans\u0105 na rozw\u00f3j.<\/span><\/strong><\/span><\/span><\/p>\n<p class=\"MsoNormal\"><strong><span style=\"color: black;\">Warto\u015b\u0107 dofinansowania<\/span><\/strong><span style=\"color: black;\">:\u00a0 225\u00a0000,00 PLN<\/span><\/p>\n<p class=\"MsoNormal\" style=\"margin-bottom: 2pt; text-align: center;\" align=\"center\"><a href=\"http:\/\/interplastik.pl\/wp-content\/uploads\/2015\/07\/logotyp-2.bmp\"><img loading=\"lazy\" decoding=\"async\" class=\"aligncenter size-full wp-image-1077\" src=\"http:\/\/interplastik.pl\/wp-content\/uploads\/2015\/07\/logotyp-2.bmp\" alt=\"logotyp 2\" width=\"888\" height=\"102\" \/><\/a> <span style=\"font-size: 9pt; line-height: 115%;\">Projekt wsp\u00f3\u0142finansowany przez Uni\u0119 Europejsk\u0105 ze \u015brodk\u00f3w Europejskiego Funduszu Rozwoju Regionalnego<\/span><\/p>\n<p class=\"MsoNormal\" style=\"margin-bottom: 2pt; text-align: center;\" align=\"center\">\u00a0<span style=\"font-size: 9pt; line-height: 115%;\">DOTACJE NA INNOWACJE \u2013 INWESTUJEMY W WASZ\u0104 PRZYSZ\u0141O\u015a\u0106<\/span><\/p>\n<p style=\"text-align: center;\"><strong><span style=\"line-height: 115%; font-size: 18pt;\">&#8212;&#8212;&#8212;&#8212;&#8212;&#8212;&#8212;&#8212;&#8212;&#8212;&#8212;&#8212;&#8212;&#8212;&#8212;&#8212;&#8212;&#8212;&#8212;&#8212;&#8212;&#8212;&#8212;&#8212;&#8212;&#8212;&#8212;<\/span><\/strong><\/p>\n<p>&nbsp;<\/p>\n<p><strong><span style=\"font-size: 20pt; line-height: 115%; color: black; font-weight: 800;\">RPZP 1.1.1<\/span><\/strong><\/p>\n<p>&nbsp;<\/p>\n<p class=\"MsoNormal\"><span style=\"color: black; font-family: verdana,geneva; font-size: 8pt;\">Interplastik sp. z o.o. informuje, \u017ce realizuje projekt w ramach Regionalnego Programu Operacyjnego Wojew\u00f3dztwa Zachodniopomorskiego na lata 2007-2013 w ramach dzia\u0142ania 1.1. \u201eWzrost konkurencyjno\u015bci przedsi\u0119biorstw poprzez innowacyjne inwestycje\u201d, poddzia\u0142anie 1.1.1 \u201dInwestycje w mikroprzedsi\u0119biorstwa\u201d. <\/span><\/p>\n<p class=\"MsoHeader\" style=\"margin-left: 75.6pt; text-indent: -74.9pt;\"><span style=\"font-family: verdana,geneva; font-size: 8pt;\"><strong><span lang=\"X-NONE\">Beneficjent: \u00a0\u00a0\u00a0\u00a0\u00a0\u00a0 <\/span><\/strong><span lang=\"X-NONE\"> Interplastik Sp. z o.o. <\/span><\/span><\/p>\n<p class=\"MsoHeader\" style=\"margin: 6pt 0cm 6pt 75.4pt; text-indent: -74.85pt;\"><span style=\"font-family: verdana,geneva; font-size: 8pt;\"><strong><span lang=\"X-NONE\">Nr umowy: \u00a0\u00a0\u00a0\u00a0\u00a0\u00a0\u00a0\u00a0\u00a0 <\/span><\/strong><span lang=\"X-NONE\">UDA-RPZP.01.01.01-32-378\/10-00 <\/span><\/span><\/p>\n<p class=\"MsoHeader\" style=\"margin-left: 75.6pt; text-indent: -74.9pt;\"><span style=\"font-family: verdana,geneva; font-size: 8pt;\"><strong><span lang=\"X-NONE\">Tytu\u0142 projektu: <\/span><\/strong><span lang=\"X-NONE\">\u201eUnowocze\u015bnienie procesu wytwarzania i zwi\u0119kszenie produkcji opakowania IML dla potrzeb przetw\u00f3rstwa mleczarskiego w zak\u0142adzie Interplastik Sp. z o.o. w \u015awidwinie\u201d<\/span><\/span><\/p>\n<p><span lang=\"X-NONE\">\u00a0<\/span> <a href=\"http:\/\/interplastik.pl\/wp-content\/uploads\/2015\/07\/logotyp-1.bmp\"><img loading=\"lazy\" decoding=\"async\" class=\"aligncenter size-full wp-image-1081\" src=\"http:\/\/interplastik.pl\/wp-content\/uploads\/2015\/07\/logotyp-1.bmp\" alt=\"logotyp 1\" width=\"1075\" height=\"133\" \/><\/a><\/p>\n<p style=\"text-align: center;\"><span lang=\"X-NONE\" style=\"font-size: 9pt; font-family: Calibri; font-weight: normal; font-style: normal;\">Projekt wsp\u00f3\u0142finansowany przez Uni\u0119 Europejsk\u0105 z Europejskiego Funduszu Rozwoju Regionalnego w ramach Regionalnego Programu Operacyjnego Wojew\u00f3dztwa Zachodniopomorskiego na lata 2007-2013<\/span><\/p>\n<p>&nbsp;<\/p>\n<p>&nbsp;<\/p>\n<p>&nbsp;<\/p>\n<p>&nbsp;<\/p>\n<p style=\"text-align: center;\"><strong><span style=\"color: #0000ff; font-size: 24pt;\">PROJEKTY ZAKO\u0143CZONE\u00a0<\/span><\/strong><\/p>\n<p>&nbsp;<\/p>\n<p><strong><span style=\"font-size: 20pt; line-height: 115%; color: black; font-weight: 800;\">PO IG 1.4<\/span><\/strong><\/p>\n<p>&nbsp;<\/p>\n<p style=\"text-align: center;\"><a href=\"http:\/\/interplastik.pl\/wp-content\/uploads\/2015\/07\/innowacyjna_gospodarka.png\"><img loading=\"lazy\" decoding=\"async\" class=\" wp-image-1102 size-full alignnone\" src=\"http:\/\/interplastik.pl\/wp-content\/uploads\/2015\/07\/innowacyjna_gospodarka.png\" alt=\"innowacyjna_gospodarka\" width=\"200\" height=\"66\" \/><\/a> <a href=\"http:\/\/interplastik.pl\/wp-content\/uploads\/2015\/07\/rarp.png\"><img loading=\"lazy\" decoding=\"async\" class=\" size-full wp-image-1098 alignnone\" src=\"http:\/\/interplastik.pl\/wp-content\/uploads\/2015\/07\/rarp.png\" alt=\"rarp\" width=\"160\" height=\"63\" \/><\/a> <a href=\"http:\/\/interplastik.pl\/wp-content\/uploads\/2015\/07\/ueefrr.png\"><img loading=\"lazy\" decoding=\"async\" class=\"alignnone size-full wp-image-1094\" src=\"http:\/\/interplastik.pl\/wp-content\/uploads\/2015\/07\/ueefrr.png\" alt=\"ueefrr\" width=\"200\" height=\"68\" \/><\/a><\/p>\n<p style=\"text-align: center;\"><span style=\"color: #000000;\"><strong>\u00a0\u00a0 Dotacje na innowacje \u2013 Inwestujemy w Wasz\u0105 przysz\u0142o\u015b\u0107<\/strong><\/span><\/p>\n<p><span style=\"color: #000000;\">Projekt wsp\u00f3\u0142finansowany ze \u015brodk\u00f3w Europejskiego Funduszu Rozwoju Regionalnego w ramach Programu Operacyjnego Innowacyjna Gospodarka, 2007-2013 Dzia\u0142anie 1.4 \u201e<strong>Wsparcie projekt\u00f3w celowych<\/strong>\u201d Podstawowe informacje o projekcie nr POIG.01.04.00-30-041\/10 Tytu\u0142 projektu: <strong>Nanotechnologiczna innowacja dzi\u0119ki wykorzystaniu rezultat\u00f3w prac B+R<\/strong>Cel projektu: G\u0142\u00f3wnym celem projektu jest poprawienie w\u0142a\u015bciwo\u015bci barierowych i mechanicznych wyrob\u00f3w opakowaniowych z tworzyw sztucznych do kontaktu z \u017cywno\u015bci\u0105 na drodze modyfikacji nanomateria\u0142ami. Nazwa Beneficjenta: Interplastik Sp. z o.o. Ca\u0142kowity koszt realizacji projektu: 3.129.270,00 z\u0142 Warto\u015b\u0107 dofinansowania: 1.943.655,00 z\u0142<\/span><\/p>\n<p><span style=\"color: #ff0000;\">Aktualno\u015bci:<\/span><\/p>\n<p><span style=\"color: #000000;\">Zapytanie ofertowe na zakup polipropylenu &#8212; oferta zako\u0144czona.<\/span><\/p>\n<p><span style=\"color: #ff0000;\"><span style=\"color: #000000;\">Zapytanie ofertowe na nanonape\u0142niacz &#8212; oferta zako\u0144czona.<\/span><br \/>\n<\/span><\/p>\n<p><span style=\"color: #000000;\">Zapytanie ofertowe na wynajem powierzchni biurowej &#8212; oferta zako\u0144czona.<br \/>\n<\/span><\/p>\n<p><span style=\"color: #000000;\">Zawiadomienie o wyborze oferty na oprogramowanie Autodesk Inventor 2012.<\/span><\/p>\n<p><span style=\"color: #000000;\">Zawiadomienie o wyborze oferty na komputery.<\/span><\/p>\n<p><span style=\"color: #000000;\">Zapytanie ofertowe na zakup oprogramowania Autodesk Inventor \u2013 oferta zako\u0144czona.<\/span><\/p>\n<p><span style=\"color: #000000;\">Zapytanie ofertowe na zakup komputer\u00f3w oraz urz\u0105dze\u0144 zewn\u0119trznych \u2013 oferta zako\u0144czona.<\/span><\/p>\n<p><span style=\"color: #000000;\">Zapytanie ofertowe na zakup nanonape\u0142niaczy \u2013 oferta zako\u0144czona.<\/span><\/p>\n<p><span style=\"color: #000000;\">Zapytanie ofertowe na zakup polipropylenu \u2013 oferta zako\u0144czona.<\/span><\/p>\n<p><span style=\"color: #000000;\">Zapytanie ofertowe na zakup suszarki pr\u00f3\u017cniowej \u2013 oferta zako\u0144czona.<\/span><\/p>\n<p><span style=\"color: #000000;\">Zapytanie ofertowe na zakup mikroskopu polaryzacyjnego \u2013 oferta zako\u0144czona.<\/span><\/p>\n<p><span style=\"color: #000000;\">Zapytanie ofertowe na zakup maszyny wytrzyma\u0142o\u015bciowej- oferta zako\u0144czona.<\/span><\/p>\n<p><span style=\"color: #000000;\">Zapytanie ofertowe na zakup spektrometru podczerwieni \u2013 oferta zako\u0144czona.<\/span><\/p>\n<p><span style=\"color: #000000;\">Zapytanie ofertowe na zakup urz\u0105dzenia do pomiaru barierowo\u015bci \u2013 oferta zako\u0144czona.<\/span><\/p>\n<p style=\"text-align: justify;\"><span style=\"color: #000000;\">Rekrutacja na stanowisko kierownika projektu \u2013 oferta zako\u0144czona.<\/span><\/p>\n<p style=\"text-align: center;\"><strong><span style=\"line-height: 115%; font-size: 18pt;\">&#8212;&#8212;&#8212;&#8212;&#8212;&#8212;&#8212;&#8212;&#8212;&#8212;&#8212;&#8212;&#8212;&#8212;&#8212;&#8212;&#8212;&#8212;&#8212;&#8212;&#8212;&#8212;&#8212;&#8212;&#8212;&#8212;&#8212;<\/span><\/strong><\/p>\n<div class=\"post\">\n<p style=\"text-align: center;\" align=\"center\"><span style=\"font-size: 12pt;\"><strong><span style=\"line-height: 115%;\">\u201eSTA\u017bE I SZKOLENIA PRAKTYCZNE PRACOWNIK\u00d3W\/NIC NAUKOWYCH JEDNOSTEK NAUKOWYCH I PRACOWNIK\u00d3W\/NIC NAUKOWYCH I NAUKOWO-DYDAKTYCZNYCH UCZELNI W PRZEDSI\u0118BIORSTWACH\u201d<\/span><\/strong><\/span><\/p>\n<p style=\"text-align: center;\" align=\"center\"><span style=\"font-size: 10pt; line-height: 115%;\">REALIZOWANE ZE \u015aRODK\u00d3W UNII EUROPEJSKIEJ W RAMACH EUROPEJSKIEGO FUNDUSZU SPO\u0141ECZNEGO <\/span><\/p>\n<p style=\"text-align: center;\" align=\"center\"><span style=\"font-size: 10pt; line-height: 115%;\">PROGRAM OPERACYJNY KAPITA\u0141 LUDZKI <\/span><\/p>\n<p style=\"text-align: center;\" align=\"center\"><span style=\"font-size: 10pt; line-height: 115%;\"><br \/>\n<strong>PRIORYTET VIII<\/strong> REGIONALNE KADRY GOSPODARKI<\/span><\/p>\n<p style=\"text-align: center;\" align=\"center\"><span style=\"font-size: 10pt;\"><strong><span style=\"line-height: 115%;\">DZIA\u0141ANIE 8.2<\/span><\/strong><span style=\"line-height: 115%;\"> TRANSFER WIEDZY<\/span><\/span><\/p>\n<p style=\"text-align: center;\" align=\"center\"><span style=\"font-size: 12pt; line-height: 115%;\"><span style=\"font-size: 10pt;\"> <strong>PODDZIA\u0141ANIE 8.2.1<\/strong> WSPARCIE DLA WSP\u00d3\u0141PRACY SFERY NAUKI <\/span><br \/>\n<span style=\"font-size: 10pt;\"> I PRZEDSI\u0118BIORSTW.<\/span><\/span><\/p>\n<p style=\"text-align: center;\">\u00a0<a href=\"http:\/\/interplastik.pl\/wp-content\/uploads\/2015\/07\/kapital_ludzki.png\"><img loading=\"lazy\" decoding=\"async\" class=\"alignnone wp-image-1085\" src=\"http:\/\/interplastik.pl\/wp-content\/uploads\/2015\/07\/kapital_ludzki-300x146.png\" alt=\"kapital_ludzki\" width=\"245\" height=\"119\" srcset=\"http:\/\/interplastik.pl\/wp-content\/uploads\/2015\/07\/kapital_ludzki-300x146.png 300w, http:\/\/interplastik.pl\/wp-content\/uploads\/2015\/07\/kapital_ludzki.png 728w\" sizes=\"auto, (max-width: 245px) 100vw, 245px\" \/><\/a><a href=\"http:\/\/interplastik.pl\/wp-content\/uploads\/2015\/07\/ww.png\"><img loading=\"lazy\" decoding=\"async\" class=\"alignnone wp-image-1106\" src=\"http:\/\/interplastik.pl\/wp-content\/uploads\/2015\/07\/ww.png\" alt=\"ww\" width=\"128\" height=\"55\" \/><\/a><a href=\"http:\/\/interplastik.pl\/wp-content\/uploads\/2015\/07\/euefs_p-kolor.gif\"><img loading=\"lazy\" decoding=\"async\" class=\"alignnone wp-image-1089\" src=\"http:\/\/interplastik.pl\/wp-content\/uploads\/2015\/07\/euefs_p-kolor-300x111.gif\" alt=\"euefs_p-kolor\" width=\"260\" height=\"96\" \/><\/a><\/p>\n<\/div>\n<p class=\"MsoNormal\" style=\"text-align: center;\" align=\"center\"><span style=\"font-size: 8pt; line-height: 115%; font-family: Arial; color: black;\">\u00a0<\/span><\/p>\n<p class=\"MsoNormal\" style=\"text-align: center;\" align=\"center\"><span style=\"font-size: 8pt; line-height: 115%; font-family: Arial; color: black;\">Projekt wsp\u00f3\u0142finansowany przez Uni\u0119 Europejsk\u0105 w ramach Europejskiego Funduszu Spo\u0142ecznego<\/span><\/p>\n","protected":false},"excerpt":{"rendered":"<p>POIG 8.2 &nbsp; DOTACJE NA INNOWACJE \u00a0 Interplastik Sp. z o.o. realizuje projekt pn. \u201eWdro\u017cenie systemu B2B\u00a0 integruj\u0105cego platform\u0119 logistyczna w Interplastik Sp. z o. o.\u201d w ramach Programu Operacyjnego Innowacyjna Gospodarka, Dzia\u0142anie 8.2. Projekt zostanie zrealizowany w okresie 07\/2017 \u2013 12\/2014. \u00a0 PROJEKT WSP\u00d3\u0141FINANSOWANY PRZEZ UNI\u0118 EUROPEJSK\u0104 Z EUROPEJSKIEGO FUNDUSZU ROZWOJU REGIONALNEGO \u00a0 Celem [&hellip;]<\/p>\n","protected":false},"author":1,"featured_media":0,"parent":900,"menu_order":44,"comment_status":"open","ping_status":"open","template":"","meta":{"_acf_changed":false,"footnotes":""},"class_list":["post-1494","page","type-page","status-publish","hentry"],"acf":[],"_links":{"self":[{"href":"http:\/\/interplastik.pl\/ru\/wp-json\/wp\/v2\/pages\/1494","targetHints":{"allow":["GET"]}}],"collection":[{"href":"http:\/\/interplastik.pl\/ru\/wp-json\/wp\/v2\/pages"}],"about":[{"href":"http:\/\/interplastik.pl\/ru\/wp-json\/wp\/v2\/types\/page"}],"author":[{"embeddable":true,"href":"http:\/\/interplastik.pl\/ru\/wp-json\/wp\/v2\/users\/1"}],"replies":[{"embeddable":true,"href":"http:\/\/interplastik.pl\/ru\/wp-json\/wp\/v2\/comments?post=1494"}],"version-history":[{"count":1,"href":"http:\/\/interplastik.pl\/ru\/wp-json\/wp\/v2\/pages\/1494\/revisions"}],"predecessor-version":[{"id":1495,"href":"http:\/\/interplastik.pl\/ru\/wp-json\/wp\/v2\/pages\/1494\/revisions\/1495"}],"up":[{"embeddable":true,"href":"http:\/\/interplastik.pl\/ru\/wp-json\/wp\/v2\/pages\/900"}],"wp:attachment":[{"href":"http:\/\/interplastik.pl\/ru\/wp-json\/wp\/v2\/media?parent=1494"}],"curies":[{"name":"wp","href":"https:\/\/api.w.org\/{rel}","templated":true}]}}