{"id":912,"date":"2015-06-17T18:15:25","date_gmt":"2015-06-17T16:15:25","guid":{"rendered":"http:\/\/interplastik.pl\/de\/technologia-i-rozwoj\/wizja-i-rozbudowa-firmy\/"},"modified":"2016-06-22T10:50:26","modified_gmt":"2016-06-22T08:50:26","slug":"vision-und-ausbau-des-unternehmens","status":"publish","type":"page","link":"http:\/\/interplastik.pl\/de\/technologie-und-entwicklung\/vision-und-ausbau-des-unternehmens\/","title":{"rendered":"Vision und Ausbau des Unternehmens"},"content":{"rendered":"<p>Moderner Maschinenpark ist unser Stolz. Vollst\u00e4ndige Modernisierung sicherte die Wiederholbarkeit und fristgerechte Produktion mithilfe von Spezialmaschinen, Robotern und Spritzgie\u00dfformen Schweizer Hersteller. In naher Zukunft erwarten wir uns die Arbeiten im Zusammenhang mit der Erh\u00f6hung der Energieeffizienz des Maschinenparks. Es sind auch die Investitionen in seine Robotisierung und Automatisierung vorgesehen.<\/p>\n<p>Wir haben bereits das IML-Verfahren eingef\u00fchrt, bei dem der eigentliche Etikettiervorgang schon bei der Produktion der Verpackung erfolgt. Der Markt ver\u00e4ndert sich allerdings st\u00e4ndig, daher bleiben wir auf dem Laufenden und sind offen f\u00fcr neue Herausforderungen, die es uns erm\u00f6glichen, die Qualit\u00e4t der Verpackungen zu erh\u00f6hen und ihr Design zu verbessern.<\/p>\n<p>Uns ist es klar, dass eine Firma die Menschen bilden. Deshalb vergessen wir bei den Investitionen in modernste Technologien und Maschinen nicht die Mitarbeiter. Wir sind uns dessen bewusst, dass die Entwicklung der Kompetenzen des Personals von entscheidender Bedeutung f\u00fcr die Umsetzung der technologischen Innovationen ist, und somit f\u00fcr die Verbesserung der Funktionsweise der Produktionslinie.<\/p>\n<p>Wir legen gro\u00dfen Wert nicht nur auf die Qualit\u00e4t unserer Verpackungen, sondern auch auf ein hohes Niveau des Services. Wir sind stolz auf das Vertrauen immer zahlreicher Kunden und wir unternehmen alles Machbare, damit unsere Zusammenarbeit fruchtbar ist und ohne Probleme verl\u00e4uft. Wof\u00fcr uns die Kunden sch\u00e4tzen, sind unsere P\u00fcnktlichkeit, Professionalit\u00e4t, Offenheit und Flexibilit\u00e4t. Bei Interplastik passen wir unsere Dienstleistungen an Ihre Bed\u00fcrfnisse an.<\/p>\n","protected":false},"excerpt":{"rendered":"<p>Moderner Maschinenpark ist unser Stolz. Vollst\u00e4ndige Modernisierung sicherte die Wiederholbarkeit und fristgerechte Produktion mithilfe von Spezialmaschinen, Robotern und Spritzgie\u00dfformen Schweizer Hersteller. In naher Zukunft erwarten wir uns die Arbeiten im Zusammenhang mit der Erh\u00f6hung der Energieeffizienz des Maschinenparks. Es sind auch die Investitionen in seine Robotisierung und Automatisierung vorgesehen. Wir haben bereits das IML-Verfahren eingef\u00fchrt, [&hellip;]<\/p>\n","protected":false},"author":1,"featured_media":0,"parent":899,"menu_order":49,"comment_status":"open","ping_status":"open","template":"","meta":{"_acf_changed":false,"footnotes":""},"class_list":["post-912","page","type-page","status-publish","hentry"],"acf":[],"_links":{"self":[{"href":"http:\/\/interplastik.pl\/de\/wp-json\/wp\/v2\/pages\/912","targetHints":{"allow":["GET"]}}],"collection":[{"href":"http:\/\/interplastik.pl\/de\/wp-json\/wp\/v2\/pages"}],"about":[{"href":"http:\/\/interplastik.pl\/de\/wp-json\/wp\/v2\/types\/page"}],"author":[{"embeddable":true,"href":"http:\/\/interplastik.pl\/de\/wp-json\/wp\/v2\/users\/1"}],"replies":[{"embeddable":true,"href":"http:\/\/interplastik.pl\/de\/wp-json\/wp\/v2\/comments?post=912"}],"version-history":[{"count":10,"href":"http:\/\/interplastik.pl\/de\/wp-json\/wp\/v2\/pages\/912\/revisions"}],"predecessor-version":[{"id":1677,"href":"http:\/\/interplastik.pl\/de\/wp-json\/wp\/v2\/pages\/912\/revisions\/1677"}],"up":[{"embeddable":true,"href":"http:\/\/interplastik.pl\/de\/wp-json\/wp\/v2\/pages\/899"}],"wp:attachment":[{"href":"http:\/\/interplastik.pl\/de\/wp-json\/wp\/v2\/media?parent=912"}],"curies":[{"name":"wp","href":"https:\/\/api.w.org\/{rel}","templated":true}]}}