{"id":905,"date":"2015-06-17T18:13:31","date_gmt":"2015-06-17T16:13:31","guid":{"rendered":"http:\/\/interplastik.pl\/de\/technologia-i-rozwoj\/park-maszynowy\/"},"modified":"2016-06-22T10:49:33","modified_gmt":"2016-06-22T08:49:33","slug":"maschinenpark","status":"publish","type":"page","link":"http:\/\/interplastik.pl\/de\/technologie-und-entwicklung\/maschinenpark\/","title":{"rendered":"Maschinenpark"},"content":{"rendered":"<p>Die Erfahrung ist wertvoll, aber ohne die Offenheit f\u00fcr Innovation kann das Unternehmen nicht mit einem vollen Erfolg rechnen. Bei Interplastik setzen wir auf dynamische Entwicklung und wir erkennen, wie wichtig es ist, den neuen L\u00f6sungen zu folgen. Um die Produkte von h\u00f6chster Qualit\u00e4t herzustellen, investieren wir in immer modernere Technologien der Automatisierung und Robotisierung und konsequent setzen wir innovative Methoden und Know-how um.<\/p>\n<p>Dank unserer mutigen Investitionen sind wir jetzt stolz darauf, eine der modernsten Fertigungslinien Europas zu haben. Zu diesem Projekt luden wir die Experten aus Netstal, Ilsemann und der speziellen schweizerischen Werkzeugmacherei ein.<\/p>\n<p>Unser Maschinenpark wird st\u00e4ndig modernisiert und erweitert, wir haben Spritzgie\u00dfmaschinen mit Kraft von 50 bis 300 Tonnen Schlie\u00df. Die durchgef\u00fchrten technologischen Investitionen beeinflussen positiv die Qualit\u00e4t der hergestellten Verpackungen und die Vielfalt des Angebotes. Von Jahr zu Jahr sind wir in der Lage, die immer anspruchsvolleren Projekte umzusetzen. Wir sind in der Lage, die Produktion extra f\u00fcr Sie vorzubereiten. Pr\u00fcfe uns!<\/p>\n","protected":false},"excerpt":{"rendered":"<p>Die Erfahrung ist wertvoll, aber ohne die Offenheit f\u00fcr Innovation kann das Unternehmen nicht mit einem vollen Erfolg rechnen. Bei Interplastik setzen wir auf dynamische Entwicklung und wir erkennen, wie wichtig es ist, den neuen L\u00f6sungen zu folgen. Um die Produkte von h\u00f6chster Qualit\u00e4t herzustellen, investieren wir in immer modernere Technologien der Automatisierung und Robotisierung [&hellip;]<\/p>\n","protected":false},"author":1,"featured_media":0,"parent":899,"menu_order":34,"comment_status":"open","ping_status":"open","template":"","meta":{"_acf_changed":false,"footnotes":""},"class_list":["post-905","page","type-page","status-publish","hentry"],"acf":[],"_links":{"self":[{"href":"http:\/\/interplastik.pl\/de\/wp-json\/wp\/v2\/pages\/905","targetHints":{"allow":["GET"]}}],"collection":[{"href":"http:\/\/interplastik.pl\/de\/wp-json\/wp\/v2\/pages"}],"about":[{"href":"http:\/\/interplastik.pl\/de\/wp-json\/wp\/v2\/types\/page"}],"author":[{"embeddable":true,"href":"http:\/\/interplastik.pl\/de\/wp-json\/wp\/v2\/users\/1"}],"replies":[{"embeddable":true,"href":"http:\/\/interplastik.pl\/de\/wp-json\/wp\/v2\/comments?post=905"}],"version-history":[{"count":9,"href":"http:\/\/interplastik.pl\/de\/wp-json\/wp\/v2\/pages\/905\/revisions"}],"predecessor-version":[{"id":1655,"href":"http:\/\/interplastik.pl\/de\/wp-json\/wp\/v2\/pages\/905\/revisions\/1655"}],"up":[{"embeddable":true,"href":"http:\/\/interplastik.pl\/de\/wp-json\/wp\/v2\/pages\/899"}],"wp:attachment":[{"href":"http:\/\/interplastik.pl\/de\/wp-json\/wp\/v2\/media?parent=905"}],"curies":[{"name":"wp","href":"https:\/\/api.w.org\/{rel}","templated":true}]}}