{"id":834,"date":"2015-06-17T19:24:35","date_gmt":"2015-06-17T17:24:35","guid":{"rendered":"http:\/\/interplastik.pl\/de\/opis-firmy\/"},"modified":"2016-06-22T10:48:40","modified_gmt":"2016-06-22T08:48:40","slug":"ueber-firmen","status":"publish","type":"page","link":"http:\/\/interplastik.pl\/de\/o-nas\/ueber-firmen\/","title":{"rendered":"\u00dcber Firmen"},"content":{"rendered":"<p>Dank der hohen Qualit\u00e4t unserer Produkte und unserer Dienstleistungen haben wir das Vertrauen der Kunden in Polen, Europa und \u00fcber seine Grenzen hinaus gewonnen und wir bereiten uns derzeit auf die weitere Expansion auf ausl\u00e4ndischen M\u00e4rkten auf.<\/p>\n<p>Jede Bestellung wird individuell behandelt &#8211; wir beraten und dienen mit unserer Erfahrung in Bezug auf Wahl der richtigen Verpackung f\u00fcr Ihr Produkt. Mit einem breiten Angebot von Formen, Volumen und der M\u00f6glichkeit, dedizierte Formen zu schaffen ebenso wie durch die beliebige Farbpalette sind wir in der Lage, jede Bestellung zu realisieren.<\/p>\n<p>Wir sind Profis, daher bieten wir bew\u00e4hrte, technologisch fortschrittliche L\u00f6sungen. Wir investieren st\u00e4ndig in der modernen Produktionsmethoden und in unsere Mitarbeiter und erweitern auch die Zusammenarbeit mit wissenschaftlichen Forschungseinrichtungen, Cluster und Gesch\u00e4ftseinrichtungen.<\/p>\n<p>Mit Schwerpunkt auf Technologie vergessen wir nicht den Menschen. Die von uns gew\u00e4hlte Strategie setzt die Fokussierung auf Kundenbed\u00fcrfnissen und Schaffung der auf Ihre Bed\u00fcrfnisse abgestimmten Produkte voraus.<\/p>\n","protected":false},"excerpt":{"rendered":"<p>Dank der hohen Qualit\u00e4t unserer Produkte und unserer Dienstleistungen haben wir das Vertrauen der Kunden in Polen, Europa und \u00fcber seine Grenzen hinaus gewonnen und wir bereiten uns derzeit auf die weitere Expansion auf ausl\u00e4ndischen M\u00e4rkten auf. Jede Bestellung wird individuell behandelt &#8211; wir beraten und dienen mit unserer Erfahrung in Bezug auf Wahl der [&hellip;]<\/p>\n","protected":false},"author":1,"featured_media":0,"parent":876,"menu_order":8,"comment_status":"open","ping_status":"open","template":"","meta":{"_acf_changed":false,"footnotes":""},"class_list":["post-834","page","type-page","status-publish","hentry"],"acf":[],"_links":{"self":[{"href":"http:\/\/interplastik.pl\/de\/wp-json\/wp\/v2\/pages\/834","targetHints":{"allow":["GET"]}}],"collection":[{"href":"http:\/\/interplastik.pl\/de\/wp-json\/wp\/v2\/pages"}],"about":[{"href":"http:\/\/interplastik.pl\/de\/wp-json\/wp\/v2\/types\/page"}],"author":[{"embeddable":true,"href":"http:\/\/interplastik.pl\/de\/wp-json\/wp\/v2\/users\/1"}],"replies":[{"embeddable":true,"href":"http:\/\/interplastik.pl\/de\/wp-json\/wp\/v2\/comments?post=834"}],"version-history":[{"count":11,"href":"http:\/\/interplastik.pl\/de\/wp-json\/wp\/v2\/pages\/834\/revisions"}],"predecessor-version":[{"id":1676,"href":"http:\/\/interplastik.pl\/de\/wp-json\/wp\/v2\/pages\/834\/revisions\/1676"}],"up":[{"embeddable":true,"href":"http:\/\/interplastik.pl\/de\/wp-json\/wp\/v2\/pages\/876"}],"wp:attachment":[{"href":"http:\/\/interplastik.pl\/de\/wp-json\/wp\/v2\/media?parent=834"}],"curies":[{"name":"wp","href":"https:\/\/api.w.org\/{rel}","templated":true}]}}