{"id":1380,"date":"2015-11-30T11:41:51","date_gmt":"2015-11-30T10:41:51","guid":{"rendered":"http:\/\/interplastik.pl\/de\/o-nas\/misja\/"},"modified":"2016-06-22T10:47:21","modified_gmt":"2016-06-22T08:47:21","slug":"die-mission","status":"publish","type":"page","link":"http:\/\/interplastik.pl\/de\/o-nas\/die-mission\/","title":{"rendered":"die Mission"},"content":{"rendered":"<p>Unsere Mission ist ein individuelles Konzept und umfassende Kundenbetreuung. Wir beschr\u00e4nken uns nicht nur auf die Herstellung von Verpackungen, wir unterst\u00fctzen und beraten den Kunden bereits in der Phase der Idee, wir stehen auch zur Seite in der Testphase und w\u00e4hrend der Marketingaktivit\u00e4ten.<\/p>\n<p>Wir sind in der Lage, nicht nur standardm\u00e4\u00dfige, sondern auch dedizierte Projekte zu realisieren. Die Wahl der Form oder des grafischen Projektes schr\u00e4nkt unsere Verpackungen nicht ein- wir sind offen f\u00fcr Vorschl\u00e4ge der Kunden. Unsere Spezialisten helfen, die Idee so umzusetzen, damit sie nicht nur praktisch ist, sondern auch einzigartig und wettbewerbsf\u00e4hig.<\/p>\n<p>Interplastik k\u00fcmmert sich nicht nur um gute Beziehungen mit den Kunden, aber auch \u00fcber die Beziehungen innerhalb des Unternehmens. Unsere Mitarbeiter haben die M\u00f6glichkeit, regelm\u00e4\u00dfig ihre Qualifikationen zu erh\u00f6hen. Die Arbeit in unserem Unternehmen stellt die Entwicklungsm\u00f6glichkeit dar und eine Chance, die Karriereleiter emporzusteigen.<\/p>\n<p>Wir lassen auch die Umweltfragen nicht au\u00dfer Acht. Im Produktionsprozess versuchen wir, den Energie- und Rohstoffverbrauch zu senken und das Ergebnis, also die fertigen Verpackungen k\u00f6nnen vollst\u00e4ndig wiederverwertet werden. Im Fall der Verwendung des Additivs d2w sind unsere Produkte zu 100% oxo-abbaubar.<\/p>\n","protected":false},"excerpt":{"rendered":"<p>Unsere Mission ist ein individuelles Konzept und umfassende Kundenbetreuung. Wir beschr\u00e4nken uns nicht nur auf die Herstellung von Verpackungen, wir unterst\u00fctzen und beraten den Kunden bereits in der Phase der Idee, wir stehen auch zur Seite in der Testphase und w\u00e4hrend der Marketingaktivit\u00e4ten. Wir sind in der Lage, nicht nur standardm\u00e4\u00dfige, sondern auch dedizierte Projekte [&hellip;]<\/p>\n","protected":false},"author":1,"featured_media":0,"parent":876,"menu_order":15,"comment_status":"open","ping_status":"open","template":"","meta":{"_acf_changed":false,"footnotes":""},"class_list":["post-1380","page","type-page","status-publish","hentry"],"acf":[],"_links":{"self":[{"href":"http:\/\/interplastik.pl\/de\/wp-json\/wp\/v2\/pages\/1380","targetHints":{"allow":["GET"]}}],"collection":[{"href":"http:\/\/interplastik.pl\/de\/wp-json\/wp\/v2\/pages"}],"about":[{"href":"http:\/\/interplastik.pl\/de\/wp-json\/wp\/v2\/types\/page"}],"author":[{"embeddable":true,"href":"http:\/\/interplastik.pl\/de\/wp-json\/wp\/v2\/users\/1"}],"replies":[{"embeddable":true,"href":"http:\/\/interplastik.pl\/de\/wp-json\/wp\/v2\/comments?post=1380"}],"version-history":[{"count":2,"href":"http:\/\/interplastik.pl\/de\/wp-json\/wp\/v2\/pages\/1380\/revisions"}],"predecessor-version":[{"id":1382,"href":"http:\/\/interplastik.pl\/de\/wp-json\/wp\/v2\/pages\/1380\/revisions\/1382"}],"up":[{"embeddable":true,"href":"http:\/\/interplastik.pl\/de\/wp-json\/wp\/v2\/pages\/876"}],"wp:attachment":[{"href":"http:\/\/interplastik.pl\/de\/wp-json\/wp\/v2\/media?parent=1380"}],"curies":[{"name":"wp","href":"https:\/\/api.w.org\/{rel}","templated":true}]}}