{"id":1377,"date":"2015-11-30T11:40:47","date_gmt":"2015-11-30T10:40:47","guid":{"rendered":"http:\/\/interplastik.pl\/de\/o-nas\/technologia\/"},"modified":"2016-06-22T10:50:58","modified_gmt":"2016-06-22T08:50:58","slug":"die-technologie","status":"publish","type":"page","link":"http:\/\/interplastik.pl\/de\/technologie-und-entwicklung\/die-technologie\/","title":{"rendered":"die Technologie"},"content":{"rendered":"<p>Derzeit haben wir eine der modernsten Produktionslinien in Europa. Gerne investieren wir in die modernen, energieeffizienten, technologisch fortschrittlichen L\u00f6sungen, so dass wir die Produktivit\u00e4t steigern und gleichzeitig ein hohes Ma\u00df an Qualit\u00e4t anbieten.<\/p>\n<p>Dank der EU-F\u00f6rdermittel wurden wir in den letzten Jahren sehr wettbewerbsf\u00e4hig. Die erhaltene F\u00f6rderung erm\u00f6glichte es uns unter anderem die Modernisierung des Fertigungsprozesses, des Systems der K\u00fchlung und Dosierung des Kunststoffes wie auch die Erh\u00f6hung der Produktion von IML-Verpackungen.<\/p>\n<p>Die dynamische Entwicklung unserer Firma verdanken wir der Erfahrung, aber auch der Offenheit f\u00fcr neue Technologien. Wir sind auf dem Laufenden! St\u00e4ndiges Streben nach Perfektion ist unser Motto.<\/p>\n","protected":false},"excerpt":{"rendered":"<p>Derzeit haben wir eine der modernsten Produktionslinien in Europa. Gerne investieren wir in die modernen, energieeffizienten, technologisch fortschrittlichen L\u00f6sungen, so dass wir die Produktivit\u00e4t steigern und gleichzeitig ein hohes Ma\u00df an Qualit\u00e4t anbieten. Dank der EU-F\u00f6rdermittel wurden wir in den letzten Jahren sehr wettbewerbsf\u00e4hig. Die erhaltene F\u00f6rderung erm\u00f6glichte es uns unter anderem die Modernisierung des [&hellip;]<\/p>\n","protected":false},"author":1,"featured_media":0,"parent":899,"menu_order":50,"comment_status":"open","ping_status":"open","template":"","meta":{"_acf_changed":false,"footnotes":""},"class_list":["post-1377","page","type-page","status-publish","hentry"],"acf":[],"_links":{"self":[{"href":"http:\/\/interplastik.pl\/de\/wp-json\/wp\/v2\/pages\/1377","targetHints":{"allow":["GET"]}}],"collection":[{"href":"http:\/\/interplastik.pl\/de\/wp-json\/wp\/v2\/pages"}],"about":[{"href":"http:\/\/interplastik.pl\/de\/wp-json\/wp\/v2\/types\/page"}],"author":[{"embeddable":true,"href":"http:\/\/interplastik.pl\/de\/wp-json\/wp\/v2\/users\/1"}],"replies":[{"embeddable":true,"href":"http:\/\/interplastik.pl\/de\/wp-json\/wp\/v2\/comments?post=1377"}],"version-history":[{"count":2,"href":"http:\/\/interplastik.pl\/de\/wp-json\/wp\/v2\/pages\/1377\/revisions"}],"predecessor-version":[{"id":1678,"href":"http:\/\/interplastik.pl\/de\/wp-json\/wp\/v2\/pages\/1377\/revisions\/1678"}],"up":[{"embeddable":true,"href":"http:\/\/interplastik.pl\/de\/wp-json\/wp\/v2\/pages\/899"}],"wp:attachment":[{"href":"http:\/\/interplastik.pl\/de\/wp-json\/wp\/v2\/media?parent=1377"}],"curies":[{"name":"wp","href":"https:\/\/api.w.org\/{rel}","templated":true}]}}