{"id":1373,"date":"2015-06-18T11:36:42","date_gmt":"2015-06-18T09:36:42","guid":{"rendered":"http:\/\/interplastik.pl\/de\/o-nas\/jakosc\/"},"modified":"2016-06-22T10:47:51","modified_gmt":"2016-06-22T08:47:51","slug":"die-qualitaet","status":"publish","type":"page","link":"http:\/\/interplastik.pl\/de\/o-nas\/die-qualitaet\/","title":{"rendered":"die Qualit\u00e4t"},"content":{"rendered":"<p>Unser Ziel ist die kontinuierliche Verbesserung der Produkte und die Pflege ihrer h\u00f6chsten Qualit\u00e4t. Die von uns hergestellten Verpackungen sind handlich, praktisch und \u00e4sthetisch und der Kunststoff, aus dem sie gemacht sind, ihre Form und Erg\u00e4nzungen werden individuell auf die Erwartungen und Bed\u00fcrfnisse des Kunden zugeschnitten.<\/p>\n<p>Die von Interplastik angebotenen Verpackungen sind langlebig und k\u00f6nnen ineinander gestapelt werden. Diese wesentlichen Merkmale k\u00f6nnen die Kosten f\u00fcr Logistik und Lagerhaltung deutlich reduzieren. Dank ihrer Anpassung an den Transport auf Euro-Paletten minimieren Sie die h\u00e4ufigen mechanischen Besch\u00e4digungen beim Transport. Die Verpackungen werden auch von schwierigen Wetterbedingungen wie Regen oder Frost nicht beeintr\u00e4chtigt.<\/p>\n<p>Mit unseren Verpackungen zeichnen Sie sich aus und st\u00e4rken den Bekanntheitsgrad der Marke &#8211; die Verpackungen k\u00f6nnen wir in jeder beliebigen Farbe herstellen und mit einem grafischen Projekt bedrucken. Sie k\u00f6nnen auch dedizierte L\u00f6sungen in Anspruch nehmen, und wir werden Ihre Bestellung von Anfang bis zu der Endphase des Produktionsprozesses umsetzen. Gemeinsam schaffen wir eine einzigartige Verpackung f\u00fcr Ihr Produkt!<\/p>\n<p>Das, was unsere Kunden sch\u00e4tzen, ist die Komplexit\u00e4t unserer Dienstleistungen &#8211; wir bieten Beratung und Erfahrung von der Idee, \u00fcber das Projekt, Labortests und Produktion mittels Spritzgussverfahrens bis zur Hilfe bei der Vorbereitung von Marketingaktivit\u00e4ten an.<br \/>\nWir sind stolz darauf, dass wir im Interesse der h\u00f6chsten Qualit\u00e4t der angebotenen Dienstleistungen das Lebensmittelsicherheit-Management-System ISO 22000: 2005 und das Qualit\u00e4tsmanagementsystem ISO 9001: 2008 eingef\u00fchrt haben. Unsere Bem\u00fchungen wurden mehrmals gesch\u00e4tzt und ausgezeichnet.<\/p>\n","protected":false},"excerpt":{"rendered":"<p>Unser Ziel ist die kontinuierliche Verbesserung der Produkte und die Pflege ihrer h\u00f6chsten Qualit\u00e4t. Die von uns hergestellten Verpackungen sind handlich, praktisch und \u00e4sthetisch und der Kunststoff, aus dem sie gemacht sind, ihre Form und Erg\u00e4nzungen werden individuell auf die Erwartungen und Bed\u00fcrfnisse des Kunden zugeschnitten. Die von Interplastik angebotenen Verpackungen sind langlebig und k\u00f6nnen [&hellip;]<\/p>\n","protected":false},"author":1,"featured_media":0,"parent":876,"menu_order":20,"comment_status":"open","ping_status":"open","template":"","meta":{"_acf_changed":false,"footnotes":""},"class_list":["post-1373","page","type-page","status-publish","hentry"],"acf":[],"_links":{"self":[{"href":"http:\/\/interplastik.pl\/de\/wp-json\/wp\/v2\/pages\/1373","targetHints":{"allow":["GET"]}}],"collection":[{"href":"http:\/\/interplastik.pl\/de\/wp-json\/wp\/v2\/pages"}],"about":[{"href":"http:\/\/interplastik.pl\/de\/wp-json\/wp\/v2\/types\/page"}],"author":[{"embeddable":true,"href":"http:\/\/interplastik.pl\/de\/wp-json\/wp\/v2\/users\/1"}],"replies":[{"embeddable":true,"href":"http:\/\/interplastik.pl\/de\/wp-json\/wp\/v2\/comments?post=1373"}],"version-history":[{"count":3,"href":"http:\/\/interplastik.pl\/de\/wp-json\/wp\/v2\/pages\/1373\/revisions"}],"predecessor-version":[{"id":1379,"href":"http:\/\/interplastik.pl\/de\/wp-json\/wp\/v2\/pages\/1373\/revisions\/1379"}],"up":[{"embeddable":true,"href":"http:\/\/interplastik.pl\/de\/wp-json\/wp\/v2\/pages\/876"}],"wp:attachment":[{"href":"http:\/\/interplastik.pl\/de\/wp-json\/wp\/v2\/media?parent=1373"}],"curies":[{"name":"wp","href":"https:\/\/api.w.org\/{rel}","templated":true}]}}